{"id":9715,"date":"2018-09-11T10:01:48","date_gmt":"2018-09-11T08:01:48","guid":{"rendered":"https:\/\/brand.uhlsport.com\/impressum\/"},"modified":"2026-01-12T10:20:38","modified_gmt":"2026-01-12T09:20:38","slug":"imprint","status":"publish","type":"page","link":"https:\/\/brand.uhlsport.com\/en\/imprint\/","title":{"rendered":"Imprint"},"content":{"rendered":"\n<style type=\"text\/css\" data-created_by=\"avia_inline_auto\" id=\"style-css-av-juigwtx5-caaf5e2572fb8691b0d13699006dfb57\">\n#top .hr.hr-invisible.av-juigwtx5-caaf5e2572fb8691b0d13699006dfb57{\nheight:50px;\n}\n<\/style>\n<div  class='hr av-juigwtx5-caaf5e2572fb8691b0d13699006dfb57 hr-invisible  avia-builder-el-0  el_before_av_textblock  avia-builder-el-first '><span class='hr-inner '><span class=\"hr-inner-style\"><\/span><\/span><\/div>\n\n<style type=\"text\/css\" data-created_by=\"avia_inline_auto\" id=\"style-css-av-37olg3-b0ddd859875890d6a0f2fe9bb0aec7d6\">\n#top .av_textblock_section.av-37olg3-b0ddd859875890d6a0f2fe9bb0aec7d6 .avia_textblock{\nfont-size:16px;\n}\n<\/style>\n<section  class='av_textblock_section av-37olg3-b0ddd859875890d6a0f2fe9bb0aec7d6 '   itemscope=\"itemscope\" itemtype=\"https:\/\/schema.org\/CreativeWork\" ><div class='avia_textblock'  itemprop=\"text\" ><h2>Imprint<\/h2>\n<p>uhlsport GmbH<br \/>\nKlingenbachstra\u00dfe 3<br \/>\n72336 Balingen<br \/>\nGermany<\/p>\n<p>Tel: +49 (0) 7433 268-0<br \/>\nFax: +49 (0) 7433 268-194<br \/>\nE-Mail: <a href=\"mailto:info@uhlsport.de\" target=\"_blank\" rel=\"noopener noreferrer\">info@uhlsport.de<\/a><\/p>\n<p><strong>The management<\/strong><br \/>\nMelanie Steinhilber<br \/>\nDistrict Court Stuttgart<br \/>\nHRB 410 196<br \/>\nVAT Number: DE 144 851 459<\/p>\n<p><strong>Person responsible for content<br \/>\n<\/strong>Christian Fenske, Marketing uhlsport GmbH<\/p>\n<p><strong>Design<br \/>\n<\/strong>Christian Fenske, Marketing uhlsport GmbH<\/p>\n<p><strong>Images\/Graphics for website, social media as well as POS and advertising material of uhlsport<\/strong><br \/>\nPressefoto ULMER<br \/>\ndpa Picture Alliance GmbH<br \/>\nJean-Michel Bancet<br \/>\nuhlsport GmbH<br \/>\n<a href=\"https:\/\/unsplash.com\/\" target=\"_blank\" rel=\"noopener noreferrer\">unsplash<\/a><br \/>\n<a href=\"https:\/\/elements.envato.com\/\" target=\"_blank\" rel=\"noopener noreferrer\">Envato Elements<\/a><br \/>\n<a href=\"https:\/\/www.picture-alliance.com\/content\/\" target=\"_blank\" rel=\"noopener noreferrer\">picture alliance<\/a><br \/>\nGerrit Bartsch<br \/>\n<a href=\"https:\/\/creativecommons.org\/licenses\/by-sa\/4.0\/deed.de\">CC BY-SA 2.0<\/a><\/p>\n<h3>Content of the web site<\/h3>\n<p>The company uhlsport GmbH does not accept any liability for the actuality, accuracy or completeness of the information provided on this web page, unless errors were wilfully or negligently included. This pertains to possible material or non-material damages to third parties that may have been caused by the usage of this web site. All offers are non-binding and without obligation. The company uhlsport GmbH explicitly reserves the right to modify, supplement, delete or entirely remove the published content temporarily or permanently.<\/p>\n<h3>Copyright and Rights of Usage<\/h3>\n<p>It is the declared policy of uhlsport GmbH to observe the intellectual property rights of all graphics, sound files, video sequences and texts used on the web page. All of the brands and trademarks displayed on the web site are subject to the relevant trademark rights and the property rights of the respective registered owners. The copyright for objects published and created by uhlsport GmbH remain with the authors of the pages in question. The replication or usage of these graphics, sound files, video sequences or texts in publications of an nature is not permitted without the consent of the relevant holder of rights.<\/p>\n<h3>External References and Links<\/h3>\n<p>Die durch die Seitenbetreiber erstellten Inhalte und Werke auf diesen Seiten unterliegen dem deutschen Urheberrecht. Die Vervielf\u00e4ltigung, Bearbeitung, Verbreitung und jede Art der Verwertung au\u00dferhalb der Grenzen des Urheberrechtes bed\u00fcrfen der schriftlichen Zustimmung des jeweiligen Autors bzw. Erstellers. Downloads und Kopien dieser Seite sind nur f\u00fcr den privaten, nicht kommerziellen Gebrauch gestattet. Soweit die Inhalte auf dieser Seite nicht vom Betreiber erstellt wurden, werden die Urheberrechte Dritter beachtet. Insbesondere werden Inhalte Dritter als solche gekennzeichnet. Sollten Sie trotzdem auf eine Urheberrechtsverletzung aufmerksam werden, bitten wir um einen entsprechenden Hinweis. Bei Bekanntwerden von Rechtsverletzungen werden wir derartige Inhalte umgehend entfernen.<\/p>\n<h3>Online Dispute Resolution<\/h3>\n<p>Art. 14 Abs. 1 ODR-VO: The european commission offers a platform for online dispute resolutions. You can find this platform here: <a title=\"Online-Streitbeilegung der Europ\u00e4ischen Kommission\" href=\"http:\/\/ec.europa.eu\/consumers\/odr\/\" target=\"_blank\" rel=\"nofollow noopener noreferrer\">http:\/\/ec.europa.eu\/consumers\/odr\/<\/a><\/p>\n<\/div><\/section>\n","protected":false},"excerpt":{"rendered":"","protected":false},"author":1,"featured_media":0,"parent":0,"menu_order":0,"comment_status":"closed","ping_status":"closed","template":"","meta":{"footnotes":""},"tags":[],"class_list":["post-9715","page","type-page","status-publish","hentry"],"yoast_head":"<!-- This site is optimized with the Yoast SEO plugin v27.2 - https:\/\/yoast.com\/product\/yoast-seo-wordpress\/ -->\n<title>Imprint &#8211; uhlsquad \u2013 The official uhlsport blog<\/title>\n<meta name=\"description\" content=\"Official imprint page of the official uhlsport blog. For more information please visit our uhlsport blog.\" \/>\n<meta name=\"robots\" content=\"index, follow, max-snippet:-1, max-image-preview:large, max-video-preview:-1\" \/>\n<link rel=\"canonical\" href=\"https:\/\/brand.uhlsport.com\/en\/imprint\/\" \/>\n<meta property=\"og:locale\" content=\"en_US\" \/>\n<meta property=\"og:type\" content=\"article\" \/>\n<meta property=\"og:title\" content=\"Imprint &#8211; uhlsquad \u2013 The official uhlsport blog\" \/>\n<meta property=\"og:description\" content=\"Official imprint page of the official uhlsport blog. For more information please visit our uhlsport blog.\" \/>\n<meta property=\"og:url\" content=\"https:\/\/brand.uhlsport.com\/en\/imprint\/\" \/>\n<meta property=\"og:site_name\" content=\"uhlsquad \u2013 The official uhlsport blog\" \/>\n<meta property=\"article:modified_time\" content=\"2026-01-12T09:20:38+00:00\" \/>\n<meta name=\"twitter:card\" content=\"summary_large_image\" \/>\n<meta name=\"twitter:label1\" content=\"Est. reading time\" \/>\n\t<meta name=\"twitter:data1\" content=\"3 minutes\" \/>\n<script type=\"application\/ld+json\" class=\"yoast-schema-graph\">{\"@context\":\"https:\/\/schema.org\",\"@graph\":[{\"@type\":\"WebPage\",\"@id\":\"https:\/\/brand.uhlsport.com\/en\/imprint\/\",\"url\":\"https:\/\/brand.uhlsport.com\/en\/imprint\/\",\"name\":\"Imprint &#8211; uhlsquad \u2013 The official uhlsport blog\",\"isPartOf\":{\"@id\":\"https:\/\/brand.uhlsport.com\/en\/#website\"},\"datePublished\":\"2018-09-11T08:01:48+00:00\",\"dateModified\":\"2026-01-12T09:20:38+00:00\",\"description\":\"Official imprint page of the official uhlsport blog. For more information please visit our uhlsport blog.\",\"breadcrumb\":{\"@id\":\"https:\/\/brand.uhlsport.com\/en\/imprint\/#breadcrumb\"},\"inLanguage\":\"en-US\",\"potentialAction\":[{\"@type\":\"ReadAction\",\"target\":[\"https:\/\/brand.uhlsport.com\/en\/imprint\/\"]}]},{\"@type\":\"BreadcrumbList\",\"@id\":\"https:\/\/brand.uhlsport.com\/en\/imprint\/#breadcrumb\",\"itemListElement\":[{\"@type\":\"ListItem\",\"position\":1,\"name\":\"Startseite\",\"item\":\"https:\/\/brand.uhlsport.com\/en\/\"},{\"@type\":\"ListItem\",\"position\":2,\"name\":\"Imprint\"}]},{\"@type\":\"WebSite\",\"@id\":\"https:\/\/brand.uhlsport.com\/en\/#website\",\"url\":\"https:\/\/brand.uhlsport.com\/en\/\",\"name\":\"uhlsquad \u2013 The official uhlsport blog\",\"description\":\"Der offizielle Blog f\u00fcr uhlsport Torwarthandschuhe, Goalkeeping Equipment und unsere Teams und Spieler.\",\"publisher\":{\"@id\":\"https:\/\/brand.uhlsport.com\/en\/#organization\"},\"potentialAction\":[{\"@type\":\"SearchAction\",\"target\":{\"@type\":\"EntryPoint\",\"urlTemplate\":\"https:\/\/brand.uhlsport.com\/en\/?s={search_term_string}\"},\"query-input\":{\"@type\":\"PropertyValueSpecification\",\"valueRequired\":true,\"valueName\":\"search_term_string\"}}],\"inLanguage\":\"en-US\"},{\"@type\":\"Organization\",\"@id\":\"https:\/\/brand.uhlsport.com\/en\/#organization\",\"name\":\"uhlsport GmbH\",\"url\":\"https:\/\/brand.uhlsport.com\/en\/\",\"logo\":{\"@type\":\"ImageObject\",\"inLanguage\":\"en-US\",\"@id\":\"https:\/\/brand.uhlsport.com\/en\/#\/schema\/logo\/image\/\",\"url\":\"https:\/\/brand.uhlsport.com\/wp-content\/uploads\/2019\/04\/Logo_uhlsport-Group.png\",\"contentUrl\":\"https:\/\/brand.uhlsport.com\/wp-content\/uploads\/2019\/04\/Logo_uhlsport-Group.png\",\"width\":2151,\"height\":315,\"caption\":\"uhlsport GmbH\"},\"image\":{\"@id\":\"https:\/\/brand.uhlsport.com\/en\/#\/schema\/logo\/image\/\"}}]}<\/script>\n<!-- \/ Yoast SEO plugin. -->","yoast_head_json":{"title":"Imprint &#8211; uhlsquad \u2013 The official uhlsport blog","description":"Official imprint page of the official uhlsport blog. For more information please visit our uhlsport blog.","robots":{"index":"index","follow":"follow","max-snippet":"max-snippet:-1","max-image-preview":"max-image-preview:large","max-video-preview":"max-video-preview:-1"},"canonical":"https:\/\/brand.uhlsport.com\/en\/imprint\/","og_locale":"en_US","og_type":"article","og_title":"Imprint &#8211; uhlsquad \u2013 The official uhlsport blog","og_description":"Official imprint page of the official uhlsport blog. For more information please visit our uhlsport blog.","og_url":"https:\/\/brand.uhlsport.com\/en\/imprint\/","og_site_name":"uhlsquad \u2013 The official uhlsport blog","article_modified_time":"2026-01-12T09:20:38+00:00","twitter_card":"summary_large_image","twitter_misc":{"Est. reading time":"3 minutes"},"schema":{"@context":"https:\/\/schema.org","@graph":[{"@type":"WebPage","@id":"https:\/\/brand.uhlsport.com\/en\/imprint\/","url":"https:\/\/brand.uhlsport.com\/en\/imprint\/","name":"Imprint &#8211; uhlsquad \u2013 The official uhlsport blog","isPartOf":{"@id":"https:\/\/brand.uhlsport.com\/en\/#website"},"datePublished":"2018-09-11T08:01:48+00:00","dateModified":"2026-01-12T09:20:38+00:00","description":"Official imprint page of the official uhlsport blog. For more information please visit our uhlsport blog.","breadcrumb":{"@id":"https:\/\/brand.uhlsport.com\/en\/imprint\/#breadcrumb"},"inLanguage":"en-US","potentialAction":[{"@type":"ReadAction","target":["https:\/\/brand.uhlsport.com\/en\/imprint\/"]}]},{"@type":"BreadcrumbList","@id":"https:\/\/brand.uhlsport.com\/en\/imprint\/#breadcrumb","itemListElement":[{"@type":"ListItem","position":1,"name":"Startseite","item":"https:\/\/brand.uhlsport.com\/en\/"},{"@type":"ListItem","position":2,"name":"Imprint"}]},{"@type":"WebSite","@id":"https:\/\/brand.uhlsport.com\/en\/#website","url":"https:\/\/brand.uhlsport.com\/en\/","name":"uhlsquad \u2013 The official uhlsport blog","description":"Der offizielle Blog f\u00fcr uhlsport Torwarthandschuhe, Goalkeeping Equipment und unsere Teams und Spieler.","publisher":{"@id":"https:\/\/brand.uhlsport.com\/en\/#organization"},"potentialAction":[{"@type":"SearchAction","target":{"@type":"EntryPoint","urlTemplate":"https:\/\/brand.uhlsport.com\/en\/?s={search_term_string}"},"query-input":{"@type":"PropertyValueSpecification","valueRequired":true,"valueName":"search_term_string"}}],"inLanguage":"en-US"},{"@type":"Organization","@id":"https:\/\/brand.uhlsport.com\/en\/#organization","name":"uhlsport GmbH","url":"https:\/\/brand.uhlsport.com\/en\/","logo":{"@type":"ImageObject","inLanguage":"en-US","@id":"https:\/\/brand.uhlsport.com\/en\/#\/schema\/logo\/image\/","url":"https:\/\/brand.uhlsport.com\/wp-content\/uploads\/2019\/04\/Logo_uhlsport-Group.png","contentUrl":"https:\/\/brand.uhlsport.com\/wp-content\/uploads\/2019\/04\/Logo_uhlsport-Group.png","width":2151,"height":315,"caption":"uhlsport GmbH"},"image":{"@id":"https:\/\/brand.uhlsport.com\/en\/#\/schema\/logo\/image\/"}}]}},"_links":{"self":[{"href":"https:\/\/brand.uhlsport.com\/en\/wp-json\/wp\/v2\/pages\/9715","targetHints":{"allow":["GET"]}}],"collection":[{"href":"https:\/\/brand.uhlsport.com\/en\/wp-json\/wp\/v2\/pages"}],"about":[{"href":"https:\/\/brand.uhlsport.com\/en\/wp-json\/wp\/v2\/types\/page"}],"author":[{"embeddable":true,"href":"https:\/\/brand.uhlsport.com\/en\/wp-json\/wp\/v2\/users\/1"}],"replies":[{"embeddable":true,"href":"https:\/\/brand.uhlsport.com\/en\/wp-json\/wp\/v2\/comments?post=9715"}],"version-history":[{"count":2,"href":"https:\/\/brand.uhlsport.com\/en\/wp-json\/wp\/v2\/pages\/9715\/revisions"}],"predecessor-version":[{"id":32747,"href":"https:\/\/brand.uhlsport.com\/en\/wp-json\/wp\/v2\/pages\/9715\/revisions\/32747"}],"wp:attachment":[{"href":"https:\/\/brand.uhlsport.com\/en\/wp-json\/wp\/v2\/media?parent=9715"}],"wp:term":[{"taxonomy":"post_tag","embeddable":true,"href":"https:\/\/brand.uhlsport.com\/en\/wp-json\/wp\/v2\/tags?post=9715"}],"curies":[{"name":"wp","href":"https:\/\/api.w.org\/{rel}","templated":true}]}}